{"id":1085,"date":"2018-08-31T12:45:36","date_gmt":"2018-08-31T15:45:36","guid":{"rendered":"https:\/\/isfd3-nqn.infd.edu.ar\/sitio\/informacion-para-alumnos\/"},"modified":"2020-04-30T19:34:30","modified_gmt":"2020-04-30T22:34:30","slug":"informacion-para-alumnos","status":"publish","type":"page","link":"https:\/\/isfd3-nqn.infd.edu.ar\/sitio\/informacion-para-alumnos\/","title":{"rendered":"Informaci\u00f3n para alumnos"},"content":{"rendered":"<table style=\"width: 100%;\" border=\"0\">\n<tbody>\n<tr class=\"Titulo1\" style=\"background-color: #618c9e;\">\n<td>\n<h2 style=\"margin-top: 0px; margin-bottom: 0px; padding-bottom: 0px;\"><span style=\"font-size: 14pt; color: #ffffff;\" data-mce-mark=\"1\"><strong><span data-mce-mark=\"1\">Resoluciones<\/span><\/strong><\/span><\/h2>\n<\/td>\n<\/tr>\n<tr>\n<td><span style=\"font-family: verdana, geneva; font-size: 10pt;\" data-mce-mark=\"1\"><strong><span style=\"color: #003366;\" data-mce-mark=\"1\"><a title=\"ROM\" href=\"upload\/ROM_r_1063_13.pdf\" target=\"_blank\" rel=\"noopener\"><span style=\"color: #003366;\" data-mce-mark=\"1\">R.O.M:<\/span><\/a><\/span><\/strong> El Reglamento Org\u00e1nico Marco regula la vida institucional del Instituto Superior de Formaci\u00f3n Docente. Es una herramienta democr\u00e1tica que garantiza la participaci\u00f3n de todos los claustros en el funcionamiento y gesti\u00f3n institucional.<\/span><\/td>\n<\/tr>\n<tr valign=\"top\">\n<td width=\"30%\"><\/td>\n<\/tr>\n<\/tbody>\n<tbody>\n<tr class=\"Titulo1\" style=\"background-color: #618c9e;\" align=\"center\" valign=\"top\">\n<td colspan=\"2\" valign=\"top\">\n<h2 style=\"margin-top: 0px; margin-bottom: 0px; padding-bottom: 0px; text-align: left;\"><span style=\"color: #ffffff; font-size: 14pt;\" data-mce-mark=\"1\">Solicitud de Equivalencias<\/span><\/h2>\n<\/td>\n<\/tr>\n<tr>\n<td colspan=\"2\">\n<p style=\"margin-top: 0px; margin-bottom: 0px; padding-bottom: 0px; text-align: left;\"><span style=\"font-family: verdana, geneva;\" data-mce-mark=\"1\"><span style=\"font-size: 10pt;\" data-mce-mark=\"1\">L@s alumn@s que soliciten equivalencias deber\u00e1n presentar en la Secretar\u00eda:<\/span>\u00a0<\/span><\/p>\n<\/td>\n<\/tr>\n<tr>\n<td colspan=\"2\">\n<ul>\n<li><span style=\"font-family: verdana, geneva; font-size: small;\" data-mce-mark=\"1\">Nota dirigida a la Directora solicitando la equivalencia<\/span><\/li>\n<li><span style=\"font-family: verdana, geneva; font-size: small;\" data-mce-mark=\"1\">Fotocopia del D.N.I. legalizada ante el juez de paz.<\/span><\/li>\n<li><span style=\"font-family: verdana, geneva; font-size: small;\" data-mce-mark=\"1\">Fotocopia del certificado anal\u00edtico legalizada ante el juez de paz.<\/span><\/li>\n<li><span style=\"font-family: verdana, geneva; font-size: small;\" data-mce-mark=\"1\">Programas de las materias debidamente foliadas y autenticadas por la instituci\u00f3n donde cursaste (debe coincidir el a\u00f1o del programa con el a\u00f1o en que cursaste la materia).<br \/>\n<span style=\"font-family: verdana, geneva; font-size: 10pt;\" data-mce-mark=\"1\">Toda la documentaci\u00f3n debe entregarse en un folio tama\u00f1o oficio.<\/span><\/span><\/li>\n<\/ul>\n<\/td>\n<\/tr>\n<tr>\n<td width=\"50%\"><\/td>\n<td width=\"50%\"><\/td>\n<\/tr>\n<tr>\n<td width=\"50%\"><\/td>\n<td style=\"text-align: center;\" width=\"50%\"><\/td>\n<\/tr>\n<\/tbody>\n<\/table>\n","protected":false},"excerpt":{"rendered":"<p>Resoluciones R.O.M: El Reglamento Org\u00e1nico Marco regula la vida institucional del Instituto Superior de Formaci\u00f3n Docente. Es una herramienta democr\u00e1tica que garantiza la participaci\u00f3n de todos los claustros en el funcionamiento y gesti\u00f3n institucional. Solicitud de Equivalencias L@s alumn@s que soliciten equivalencias deber\u00e1n presentar en la Secretar\u00eda:\u00a0 Nota dirigida a la Directora solicitando la equivalencia &#8230; <a title=\"Informaci\u00f3n para alumnos\" class=\"read-more\" href=\"https:\/\/isfd3-nqn.infd.edu.ar\/sitio\/informacion-para-alumnos\/\" aria-label=\"More on Informaci\u00f3n para alumnos\">[+]<\/a><\/p>\n","protected":false},"author":665,"featured_media":0,"parent":0,"menu_order":0,"comment_status":"closed","ping_status":"closed","template":"","meta":[],"acf":[],"_links":{"self":[{"href":"https:\/\/isfd3-nqn.infd.edu.ar\/sitio\/wp-json\/wp\/v2\/pages\/1085"}],"collection":[{"href":"https:\/\/isfd3-nqn.infd.edu.ar\/sitio\/wp-json\/wp\/v2\/pages"}],"about":[{"href":"https:\/\/isfd3-nqn.infd.edu.ar\/sitio\/wp-json\/wp\/v2\/types\/page"}],"author":[{"embeddable":true,"href":"https:\/\/isfd3-nqn.infd.edu.ar\/sitio\/wp-json\/wp\/v2\/users\/665"}],"replies":[{"embeddable":true,"href":"https:\/\/isfd3-nqn.infd.edu.ar\/sitio\/wp-json\/wp\/v2\/comments?post=1085"}],"version-history":[{"count":2,"href":"https:\/\/isfd3-nqn.infd.edu.ar\/sitio\/wp-json\/wp\/v2\/pages\/1085\/revisions"}],"predecessor-version":[{"id":1413,"href":"https:\/\/isfd3-nqn.infd.edu.ar\/sitio\/wp-json\/wp\/v2\/pages\/1085\/revisions\/1413"}],"wp:attachment":[{"href":"https:\/\/isfd3-nqn.infd.edu.ar\/sitio\/wp-json\/wp\/v2\/media?parent=1085"}],"curies":[{"name":"wp","href":"https:\/\/api.w.org\/{rel}","templated":true}]}}