{"id":1116,"date":"2018-08-31T12:45:48","date_gmt":"2018-08-31T15:45:48","guid":{"rendered":"https:\/\/isfd3-nqn.infd.edu.ar\/sitio\/autoridades\/"},"modified":"2026-02-28T16:20:18","modified_gmt":"2026-02-28T19:20:18","slug":"autoridades","status":"publish","type":"page","link":"https:\/\/isfd3-nqn.infd.edu.ar\/sitio\/autoridades\/","title":{"rendered":"Autoridades"},"content":{"rendered":"<p style=\"text-align: center;\">Promueve la construcci\u00f3n colaborativa del proyecto institucional, la participaci\u00f3n de los diferentes sectores y colectivos institucionales, el funcionamiento de los \u00f3rganos colegiados y la articulaci\u00f3n interna y externa, todo ello en el marco del Reglamento Org\u00e1nico Marco y las disposiciones del CPI. Est\u00e1 integrado por Directorx, Vicedirectorx y Secretarix Acad\u00e9micx<\/p>\n<pre><span style=\"color: #333399;\"><strong>EQUIPO DIRECTIVO<\/strong><\/span><\/pre>\n<p>Director: <strong>Mariano Skliar.<\/strong> Profesor en Ciencias Antropol\u00f3gicas.<\/p>\n<p>Vicedirector: <strong>Lucas Verduga Santill\u00e1n. <\/strong>Licenciado en Filosof\u00eda.<\/p>\n<p>Secretaria Acad\u00e9mica: <strong>Rosario Vallverd\u00fa<\/strong>. Profesora en Letras.<\/p>\n\n\n<hr class=\"wp-block-separator has-alpha-channel-opacity\"\/>\n\n\n<div class=\"wp-block-image\">\n<figure class=\"aligncenter size-full is-resized\"><img decoding=\"async\" loading=\"lazy\" src=\"https:\/\/isfd3-nqn.infd.edu.ar\/sitio\/wp-content\/uploads\/2026\/02\/Diseno-sin-titulo-4-1.jpg\" alt=\"\" class=\"wp-image-2910\" width=\"470\" height=\"318\" srcset=\"https:\/\/isfd3-nqn.infd.edu.ar\/sitio\/wp-content\/uploads\/2026\/02\/Diseno-sin-titulo-4-1.jpg 790w, https:\/\/isfd3-nqn.infd.edu.ar\/sitio\/wp-content\/uploads\/2026\/02\/Diseno-sin-titulo-4-1-768x520.jpg 768w\" sizes=\"(max-width: 470px) 100vw, 470px\" \/><\/figure><\/div>\n\n\n<div class=\"wp-block-columns is-layout-flex wp-container-2\">\n<div class=\"wp-block-column is-layout-flow\" style=\"flex-basis:100%\"><\/div>\n<\/div>\n","protected":false},"excerpt":{"rendered":"<p>Promueve la construcci\u00f3n colaborativa del proyecto institucional, la participaci\u00f3n de los diferentes sectores y colectivos institucionales, el funcionamiento de los \u00f3rganos colegiados y la articulaci\u00f3n interna y externa, todo ello en el marco del Reglamento Org\u00e1nico Marco y las disposiciones del CPI. Est\u00e1 integrado por Directorx, Vicedirectorx y Secretarix Acad\u00e9micx EQUIPO DIRECTIVO Director: Mariano Skliar. &#8230; <a title=\"Autoridades\" class=\"read-more\" href=\"https:\/\/isfd3-nqn.infd.edu.ar\/sitio\/autoridades\/\" aria-label=\"More on Autoridades\">[+]<\/a><\/p>\n","protected":false},"author":665,"featured_media":0,"parent":0,"menu_order":0,"comment_status":"closed","ping_status":"closed","template":"","meta":[],"acf":[],"_links":{"self":[{"href":"https:\/\/isfd3-nqn.infd.edu.ar\/sitio\/wp-json\/wp\/v2\/pages\/1116"}],"collection":[{"href":"https:\/\/isfd3-nqn.infd.edu.ar\/sitio\/wp-json\/wp\/v2\/pages"}],"about":[{"href":"https:\/\/isfd3-nqn.infd.edu.ar\/sitio\/wp-json\/wp\/v2\/types\/page"}],"author":[{"embeddable":true,"href":"https:\/\/isfd3-nqn.infd.edu.ar\/sitio\/wp-json\/wp\/v2\/users\/665"}],"replies":[{"embeddable":true,"href":"https:\/\/isfd3-nqn.infd.edu.ar\/sitio\/wp-json\/wp\/v2\/comments?post=1116"}],"version-history":[{"count":5,"href":"https:\/\/isfd3-nqn.infd.edu.ar\/sitio\/wp-json\/wp\/v2\/pages\/1116\/revisions"}],"predecessor-version":[{"id":2911,"href":"https:\/\/isfd3-nqn.infd.edu.ar\/sitio\/wp-json\/wp\/v2\/pages\/1116\/revisions\/2911"}],"wp:attachment":[{"href":"https:\/\/isfd3-nqn.infd.edu.ar\/sitio\/wp-json\/wp\/v2\/media?parent=1116"}],"curies":[{"name":"wp","href":"https:\/\/api.w.org\/{rel}","templated":true}]}}