{"id":1872,"date":"2023-10-19T20:11:09","date_gmt":"2023-10-19T23:11:09","guid":{"rendered":"https:\/\/isfd3-nqn.infd.edu.ar\/sitio\/?page_id=1872"},"modified":"2024-06-13T11:57:46","modified_gmt":"2024-06-13T14:57:46","slug":"centro-de-estudiantes","status":"publish","type":"page","link":"https:\/\/isfd3-nqn.infd.edu.ar\/sitio\/centro-de-estudiantes\/","title":{"rendered":"Centro de Estudiantes"},"content":{"rendered":"<div class=\"wp-block-image\">\n<figure class=\"aligncenter size-full is-resized\"><img decoding=\"async\" loading=\"lazy\" src=\"https:\/\/isfd3-nqn.infd.edu.ar\/sitio\/wp-content\/uploads\/2024\/06\/WhatsApp-Image-2024-06-07-at-20.29.44.jpeg\" alt=\"\" class=\"wp-image-2669\" width=\"331\" height=\"812\" srcset=\"https:\/\/isfd3-nqn.infd.edu.ar\/sitio\/wp-content\/uploads\/2024\/06\/WhatsApp-Image-2024-06-07-at-20.29.44.jpeg 475w, https:\/\/isfd3-nqn.infd.edu.ar\/sitio\/wp-content\/uploads\/2024\/06\/WhatsApp-Image-2024-06-07-at-20.29.44-408x1000.jpeg 408w\" sizes=\"(max-width: 331px) 100vw, 331px\" \/><\/figure><\/div>\n\n<div class=\"wp-block-image\">\n<figure class=\"aligncenter size-full is-resized\"><img decoding=\"async\" loading=\"lazy\" src=\"https:\/\/isfd3-nqn.infd.edu.ar\/sitio\/wp-content\/uploads\/2023\/10\/Logo-Centro-de-Esudiantes-1.png\" alt=\"\" class=\"wp-image-1873\" width=\"366\" height=\"237\" srcset=\"https:\/\/isfd3-nqn.infd.edu.ar\/sitio\/wp-content\/uploads\/2023\/10\/Logo-Centro-de-Esudiantes-1.png 942w, https:\/\/isfd3-nqn.infd.edu.ar\/sitio\/wp-content\/uploads\/2023\/10\/Logo-Centro-de-Esudiantes-1-768x497.png 768w\" sizes=\"(max-width: 366px) 100vw, 366px\" \/><\/figure><\/div>\n\n\n<p class=\"has-text-align-left has-background\" style=\"background-color:#e4e9f5\">Espacio para estudiantes, organizado por estudiantes, en el cual nos brindamos apoyo, debatimos, promovemos mejoras a nivel acad\u00e9mico, luchamos por nuestros derechos y fomentamos la participaci\u00f3n activa de todxs lxs estudiantes de la instituci\u00f3n. Contamos con un estatuto organizacional propio. Es una entidad sin fines de lucro y cualquier actividad que se realice ser\u00e1 siempre en beneficio de lxs estudiantes. Dichas actividades se publican en la cartelera oficial del Centro de Estudiantes o por aula virtual. Brindamos el acompa\u00f1amiento necesario a estudiantes por medio de un convenio que se renueva a\u00f1o a a\u00f1o; atendemos reclamos de \u00edndole legal, burocr\u00e1tica y\/o institucional por parte de lxs estudiantes y actuamos como mediadorxs si fuese necesario. Para brindar informaci\u00f3n relevante a todxs lxs estudiantes o para convocar a Asamblea General Estudiantil, contamos con nuestra propia aula virtual dentro de la plataforma, donde pueden contactarse con lxs representantes. El Centro de Estudiantes est\u00e1 conformado por: Presidente, Vicepresidente, secretarix general, tesorerx, vocal y vocal suplente. Podr\u00e1n ser miembros del Centro de Estudiantes todxs lxs estudiantes regulares del ISFD N\u00b0 3, sin ning\u00fan tipo de discriminaci\u00f3n. Los cargos se renuevan mediante la presentaci\u00f3n de listas y elecciones. Invitamos a todxs lxs alumnxs a participar de este espacio.<\/p>\n\n\n\n<div class=\"wp-block-media-text alignwide is-stacked-on-mobile has-background\" style=\"background-color:#ddede4;grid-template-columns:34% auto\"><figure class=\"wp-block-media-text__media\"><img decoding=\"async\" loading=\"lazy\" width=\"600\" height=\"600\" src=\"https:\/\/isfd3-nqn.infd.edu.ar\/sitio\/wp-content\/uploads\/2023\/11\/logo-white-1.png\" alt=\"\" class=\"wp-image-2266 size-full\" srcset=\"https:\/\/isfd3-nqn.infd.edu.ar\/sitio\/wp-content\/uploads\/2023\/11\/logo-white-1.png 600w, https:\/\/isfd3-nqn.infd.edu.ar\/sitio\/wp-content\/uploads\/2023\/11\/logo-white-1-500x500.png 500w\" sizes=\"(max-width: 600px) 100vw, 600px\" \/><\/figure><div class=\"wp-block-media-text__content\"><div class=\"wp-block-image\">\n<figure class=\"alignright size-full is-resized\"><img decoding=\"async\" loading=\"lazy\" src=\"https:\/\/isfd3-nqn.infd.edu.ar\/sitio\/wp-content\/uploads\/2023\/11\/descarga-1.jpg\" alt=\"\" class=\"wp-image-2268\" width=\"182\" height=\"170\"\/><\/figure><\/div>\n\n\n<ul>\n<li>Presidenta: Stratta, Antonella.<\/li>\n\n\n\n<li>Vicepresidenta: Bello, Quimey.<\/li>\n\n\n\n<li>Secretaria: Guillaumet, Melanie.<\/li>\n\n\n\n<li>Tesorero: Nardelli, Alejandro.<\/li>\n\n\n\n<li>Vocal: Giachetti, Marcos.<\/li>\n\n\n\n<li>Vocal: Zas, Abril.<\/li>\n<\/ul>\n<\/div><\/div>\n","protected":false},"excerpt":{"rendered":"<p>Espacio para estudiantes, organizado por estudiantes, en el cual nos brindamos apoyo, debatimos, promovemos mejoras a nivel acad\u00e9mico, luchamos por nuestros derechos y fomentamos la participaci\u00f3n activa de todxs lxs estudiantes de la instituci\u00f3n. Contamos con un estatuto organizacional propio. Es una entidad sin fines de lucro y cualquier actividad que se realice ser\u00e1 siempre &#8230; <a title=\"Centro de Estudiantes\" class=\"read-more\" href=\"https:\/\/isfd3-nqn.infd.edu.ar\/sitio\/centro-de-estudiantes\/\" aria-label=\"More on Centro de Estudiantes\">[+]<\/a><\/p>\n","protected":false},"author":3255,"featured_media":0,"parent":0,"menu_order":0,"comment_status":"closed","ping_status":"closed","template":"","meta":[],"acf":[],"_links":{"self":[{"href":"https:\/\/isfd3-nqn.infd.edu.ar\/sitio\/wp-json\/wp\/v2\/pages\/1872"}],"collection":[{"href":"https:\/\/isfd3-nqn.infd.edu.ar\/sitio\/wp-json\/wp\/v2\/pages"}],"about":[{"href":"https:\/\/isfd3-nqn.infd.edu.ar\/sitio\/wp-json\/wp\/v2\/types\/page"}],"author":[{"embeddable":true,"href":"https:\/\/isfd3-nqn.infd.edu.ar\/sitio\/wp-json\/wp\/v2\/users\/3255"}],"replies":[{"embeddable":true,"href":"https:\/\/isfd3-nqn.infd.edu.ar\/sitio\/wp-json\/wp\/v2\/comments?post=1872"}],"version-history":[{"count":7,"href":"https:\/\/isfd3-nqn.infd.edu.ar\/sitio\/wp-json\/wp\/v2\/pages\/1872\/revisions"}],"predecessor-version":[{"id":2685,"href":"https:\/\/isfd3-nqn.infd.edu.ar\/sitio\/wp-json\/wp\/v2\/pages\/1872\/revisions\/2685"}],"wp:attachment":[{"href":"https:\/\/isfd3-nqn.infd.edu.ar\/sitio\/wp-json\/wp\/v2\/media?parent=1872"}],"curies":[{"name":"wp","href":"https:\/\/api.w.org\/{rel}","templated":true}]}}