{"id":2174,"date":"2023-10-27T20:33:01","date_gmt":"2023-10-27T23:33:01","guid":{"rendered":"https:\/\/isfd3-nqn.infd.edu.ar\/sitio\/?page_id=2174"},"modified":"2023-11-21T21:51:17","modified_gmt":"2023-11-22T00:51:17","slug":"profesorado-de-educacion-primaria","status":"publish","type":"page","link":"https:\/\/isfd3-nqn.infd.edu.ar\/sitio\/profesorado-de-educacion-primaria\/","title":{"rendered":"Profesorado de Educaci\u00f3n Primaria"},"content":{"rendered":"\n<p class=\"has-background\" style=\"background:linear-gradient(263deg,rgb(2,3,129) 0%,rgb(152,209,225) 100%)\"><\/p>\n\n\n<div class=\"wp-block-image is-style-rounded\">\n<figure class=\"aligncenter size-full is-resized\"><img decoding=\"async\" loading=\"lazy\" src=\"https:\/\/isfd3-nqn.infd.edu.ar\/sitio\/wp-content\/uploads\/2023\/11\/images-2.jpg\" alt=\"\" class=\"wp-image-2369\" width=\"285\" height=\"192\"\/><figcaption class=\"wp-element-caption\"><u><strong>Condiciones de ingreso<\/strong><\/u><strong><u>:<\/u><\/strong><\/figcaption><\/figure><\/div>\n\n\n<p class=\"has-background\" style=\"background:linear-gradient(283deg,rgb(238,238,238) 0%,rgb(169,184,195) 100%)\">La inscripci\u00f3n para esta carrera de formaci\u00f3n docente es abierta a todo aspirante argentino, nativo o por opci\u00f3n y extranjero que haya culminado estudios secundarios y los que se encuadran en el Art\u00edculo 7\u00b0 de la Ley de Educaci\u00f3n Superior N\u00b0 24.521, cumplimentando con los requisitos administrativos y acad\u00e9micos del sistema de ingreso determinado por la instituci\u00f3n. Quienes adeuden materias del Nivel Secundario para la finalizaci\u00f3n de estos estudios podr\u00e1n matricularse provisoriamente debiendo aprobar las materias adeudadas hasta el comienzo del cuatrimestre posterior al de su fecha de inscripci\u00f3n (Resoluci\u00f3n N\u00b0 1011\/11 Art\u00edculo 4\u00b0). Los extranjeros deber\u00e1n cumplir, adem\u00e1s, con los tr\u00e1mites exigidos por la Resoluci\u00f3n NO 645107 Y modificaciones del Ministerio de Educaci\u00f3n Nacional as\u00ed tambi\u00e9n con las exigencias jur\u00eddicas de radicaci\u00f3n y permanencia en el pa\u00eds.<\/p>\n\n\n<div class=\"wp-block-image is-style-rounded\">\n<figure class=\"aligncenter size-full is-resized\"><a href=\"https:\/\/isfd3-nqn.infd.edu.ar\/sitio\/plan-de-estudios-4\/\"><img decoding=\"async\" loading=\"lazy\" src=\"https:\/\/isfd3-nqn.infd.edu.ar\/sitio\/wp-content\/uploads\/2023\/11\/images-1-1.jpg\" alt=\"\" class=\"wp-image-2371\" width=\"309\" height=\"125\"\/><\/a><\/figure><\/div>","protected":false},"excerpt":{"rendered":"<p>La inscripci\u00f3n para esta carrera de formaci\u00f3n docente es abierta a todo aspirante argentino, nativo o por opci\u00f3n y extranjero que haya culminado estudios secundarios y los que se encuadran en el Art\u00edculo 7\u00b0 de la Ley de Educaci\u00f3n Superior N\u00b0 24.521, cumplimentando con los requisitos administrativos y acad\u00e9micos del sistema de ingreso determinado por &#8230; <a title=\"Profesorado de Educaci\u00f3n Primaria\" class=\"read-more\" href=\"https:\/\/isfd3-nqn.infd.edu.ar\/sitio\/profesorado-de-educacion-primaria\/\" aria-label=\"More on Profesorado de Educaci\u00f3n Primaria\">[+]<\/a><\/p>\n","protected":false},"author":3255,"featured_media":0,"parent":0,"menu_order":0,"comment_status":"closed","ping_status":"closed","template":"","meta":[],"acf":[],"_links":{"self":[{"href":"https:\/\/isfd3-nqn.infd.edu.ar\/sitio\/wp-json\/wp\/v2\/pages\/2174"}],"collection":[{"href":"https:\/\/isfd3-nqn.infd.edu.ar\/sitio\/wp-json\/wp\/v2\/pages"}],"about":[{"href":"https:\/\/isfd3-nqn.infd.edu.ar\/sitio\/wp-json\/wp\/v2\/types\/page"}],"author":[{"embeddable":true,"href":"https:\/\/isfd3-nqn.infd.edu.ar\/sitio\/wp-json\/wp\/v2\/users\/3255"}],"replies":[{"embeddable":true,"href":"https:\/\/isfd3-nqn.infd.edu.ar\/sitio\/wp-json\/wp\/v2\/comments?post=2174"}],"version-history":[{"count":5,"href":"https:\/\/isfd3-nqn.infd.edu.ar\/sitio\/wp-json\/wp\/v2\/pages\/2174\/revisions"}],"predecessor-version":[{"id":2398,"href":"https:\/\/isfd3-nqn.infd.edu.ar\/sitio\/wp-json\/wp\/v2\/pages\/2174\/revisions\/2398"}],"wp:attachment":[{"href":"https:\/\/isfd3-nqn.infd.edu.ar\/sitio\/wp-json\/wp\/v2\/media?parent=2174"}],"curies":[{"name":"wp","href":"https:\/\/api.w.org\/{rel}","templated":true}]}}