{"id":2184,"date":"2023-10-27T20:41:04","date_gmt":"2023-10-27T23:41:04","guid":{"rendered":"https:\/\/isfd3-nqn.infd.edu.ar\/sitio\/?page_id=2184"},"modified":"2024-03-14T20:00:30","modified_gmt":"2024-03-14T23:00:30","slug":"profesorado-de-educacion-secundaria-en-quimica","status":"publish","type":"page","link":"https:\/\/isfd3-nqn.infd.edu.ar\/sitio\/profesorado-de-educacion-secundaria-en-quimica\/","title":{"rendered":"Profesorado de Educaci\u00f3n Secundaria en Qu\u00edmica"},"content":{"rendered":"\n<p class=\"has-background\" style=\"background:linear-gradient(252deg,rgb(255,245,203) 0%,rgb(182,227,212) 50%,rgb(51,167,181) 100%)\"><\/p>\n\n\n<div class=\"wp-block-image is-style-rounded\">\n<figure class=\"aligncenter size-full\"><img decoding=\"async\" loading=\"lazy\" width=\"311\" height=\"162\" src=\"https:\/\/isfd3-nqn.infd.edu.ar\/sitio\/wp-content\/uploads\/2023\/11\/descarga-3.jpg\" alt=\"\" class=\"wp-image-2396\"\/><figcaption class=\"wp-element-caption\"><strong>Condiciones de ingreso<\/strong><\/figcaption><\/figure><\/div>\n\n\n<p>La inscripci\u00f3n para esta carrera de formaci\u00f3n docente es abierta a todo aspirante argentino, nativo o por opci\u00f3n y extranjero que haya culminado estudios secundarios y los que se encuadran en el Art\u00edculo 7\u00b0 de la Ley de Educaci\u00f3n Superior 24.5211,cumplimentando con los requisitos administrativos y acad\u00e9micos del sistema de ingreso determinado por la instituci\u00f3n. Quienes adeuden materias del Nivel Secundario para la finalizaci\u00f3n de estos estudios podr\u00e1n matricularse provisoriamente debiendo aprobar las materias adeudadas hasta junio del a\u00f1o de ingreso a la instituci\u00f3n. Los extranjeros deber\u00e1n cumplir, adem\u00e1s, con los tr\u00e1mites exigidos por la Resoluci\u00f3n No 645\/07 y modificaciones del Ministerio de Educaci\u00f3n Nacional as\u00ed tambi\u00e9n con las exigencias jur\u00eddicas de radicaci\u00f3n y permanencia en el pa\u00eds.<\/p>\n\n\n\n<p>Perfil Profesional:<\/p>\n\n\n\n<p>El acceso masivo de j\u00f3venes a la Educaci\u00f3n Secundaria plantea el desaf\u00edo de resignificar no s\u00f3lo este nivel de escolarizaci\u00f3n, hoy obligatorio, sino tambi\u00e9n a la docencia como profesi\u00f3n, tendiendo a la formaci\u00f3n de profesionales capaces de garantizar desempe\u00f1os que se adecuen a diferentes contextos, a sujetos singulares y diversidad de pr\u00e1cticas socio-culturales.<\/p>\n\n\n<div class=\"wp-block-image is-style-rounded\">\n<figure class=\"aligncenter size-full\"><a href=\"https:\/\/isfd3-nqn.infd.edu.ar\/sitio\/plan-de-estudios-9\/\"><img decoding=\"async\" loading=\"lazy\" width=\"353\" height=\"143\" src=\"https:\/\/isfd3-nqn.infd.edu.ar\/sitio\/wp-content\/uploads\/2023\/11\/images-1-5.jpg\" alt=\"\" class=\"wp-image-2397\"\/><\/a><\/figure><\/div>","protected":false},"excerpt":{"rendered":"<p>La inscripci\u00f3n para esta carrera de formaci\u00f3n docente es abierta a todo aspirante argentino, nativo o por opci\u00f3n y extranjero que haya culminado estudios secundarios y los que se encuadran en el Art\u00edculo 7\u00b0 de la Ley de Educaci\u00f3n Superior 24.5211,cumplimentando con los requisitos administrativos y acad\u00e9micos del sistema de ingreso determinado por la instituci\u00f3n. &#8230; <a title=\"Profesorado de Educaci\u00f3n Secundaria en Qu\u00edmica\" class=\"read-more\" href=\"https:\/\/isfd3-nqn.infd.edu.ar\/sitio\/profesorado-de-educacion-secundaria-en-quimica\/\" aria-label=\"More on Profesorado de Educaci\u00f3n Secundaria en Qu\u00edmica\">[+]<\/a><\/p>\n","protected":false},"author":3255,"featured_media":0,"parent":0,"menu_order":0,"comment_status":"closed","ping_status":"closed","template":"","meta":[],"acf":[],"_links":{"self":[{"href":"https:\/\/isfd3-nqn.infd.edu.ar\/sitio\/wp-json\/wp\/v2\/pages\/2184"}],"collection":[{"href":"https:\/\/isfd3-nqn.infd.edu.ar\/sitio\/wp-json\/wp\/v2\/pages"}],"about":[{"href":"https:\/\/isfd3-nqn.infd.edu.ar\/sitio\/wp-json\/wp\/v2\/types\/page"}],"author":[{"embeddable":true,"href":"https:\/\/isfd3-nqn.infd.edu.ar\/sitio\/wp-json\/wp\/v2\/users\/3255"}],"replies":[{"embeddable":true,"href":"https:\/\/isfd3-nqn.infd.edu.ar\/sitio\/wp-json\/wp\/v2\/comments?post=2184"}],"version-history":[{"count":4,"href":"https:\/\/isfd3-nqn.infd.edu.ar\/sitio\/wp-json\/wp\/v2\/pages\/2184\/revisions"}],"predecessor-version":[{"id":2565,"href":"https:\/\/isfd3-nqn.infd.edu.ar\/sitio\/wp-json\/wp\/v2\/pages\/2184\/revisions\/2565"}],"wp:attachment":[{"href":"https:\/\/isfd3-nqn.infd.edu.ar\/sitio\/wp-json\/wp\/v2\/media?parent=2184"}],"curies":[{"name":"wp","href":"https:\/\/api.w.org\/{rel}","templated":true}]}}