{"id":2214,"date":"2023-11-02T20:24:33","date_gmt":"2023-11-02T23:24:33","guid":{"rendered":"https:\/\/isfd3-nqn.infd.edu.ar\/sitio\/?page_id=2214"},"modified":"2024-03-13T12:50:47","modified_gmt":"2024-03-13T15:50:47","slug":"plan-de-estudios-4","status":"publish","type":"page","link":"https:\/\/isfd3-nqn.infd.edu.ar\/sitio\/plan-de-estudios-4\/","title":{"rendered":"Plan de Estudios"},"content":{"rendered":"\n<p>Profesorado de Educaci\u00f3n Primaria<\/p>\n\n\n\n<p class=\"has-text-align-center has-base-3-color has-contrast-2-background-color has-text-color has-background\"><strong>PLAN DE ESTUDIOS N\u00ba 639<\/strong><\/p>\n\n\n\n<p class=\"has-text-align-center has-contrast-3-background-color has-background\"><strong>&nbsp;PROFESORADO DE EDUCACI\u00d3N PRIMARIA<\/strong><\/p>\n\n\n\n<p><strong>Denominaci\u00f3n de la Carrera:<\/strong> \u00abProfesorado de Educaci\u00f3n Primaria\u00bb<br><strong>Actividad:<\/strong> Docente<br><strong>Nivel:<\/strong> Superior<br><strong>Modalidad: <\/strong>Presencial<br><strong>Ciclo:<\/strong> Profesorado<br><strong>Especialidad:<\/strong> Profesorado de Educaci\u00f3n Primaria<br><strong>Duraci\u00f3n: <\/strong>Cuatro (4) a\u00f1os<br><strong>Titulo a otorgar:<\/strong> Profesor\/a de Educaci\u00f3n Primaria<br><strong>Carga horaria total:<\/strong> horas c\u00e1tedra: 4.048 horas reloj: 2.698<\/p>\n\n\n\n<p><\/p>\n\n\n\n<figure class=\"wp-block-image size-large\"><img decoding=\"async\" loading=\"lazy\" width=\"1468\" height=\"1900\" src=\"https:\/\/isfd3-nqn.infd.edu.ar\/sitio\/wp-content\/uploads\/2024\/03\/sodapdf-converted_Page_1-1468x1900.jpeg\" alt=\"\" class=\"wp-image-2503\" srcset=\"https:\/\/isfd3-nqn.infd.edu.ar\/sitio\/wp-content\/uploads\/2024\/03\/sodapdf-converted_Page_1-1468x1900.jpeg 1468w, https:\/\/isfd3-nqn.infd.edu.ar\/sitio\/wp-content\/uploads\/2024\/03\/sodapdf-converted_Page_1-773x1000.jpeg 773w, https:\/\/isfd3-nqn.infd.edu.ar\/sitio\/wp-content\/uploads\/2024\/03\/sodapdf-converted_Page_1-768x994.jpeg 768w, https:\/\/isfd3-nqn.infd.edu.ar\/sitio\/wp-content\/uploads\/2024\/03\/sodapdf-converted_Page_1-1187x1536.jpeg 1187w, https:\/\/isfd3-nqn.infd.edu.ar\/sitio\/wp-content\/uploads\/2024\/03\/sodapdf-converted_Page_1-1583x2048.jpeg 1583w, https:\/\/isfd3-nqn.infd.edu.ar\/sitio\/wp-content\/uploads\/2024\/03\/sodapdf-converted_Page_1.jpeg 1700w\" sizes=\"(max-width: 1468px) 100vw, 1468px\" \/><\/figure>\n\n\n\n<figure class=\"wp-block-image size-large\"><img decoding=\"async\" loading=\"lazy\" width=\"1468\" height=\"1900\" src=\"https:\/\/isfd3-nqn.infd.edu.ar\/sitio\/wp-content\/uploads\/2024\/03\/sodapdf-converted_Page_2-1468x1900.jpeg\" alt=\"\" class=\"wp-image-2505\" srcset=\"https:\/\/isfd3-nqn.infd.edu.ar\/sitio\/wp-content\/uploads\/2024\/03\/sodapdf-converted_Page_2-1468x1900.jpeg 1468w, https:\/\/isfd3-nqn.infd.edu.ar\/sitio\/wp-content\/uploads\/2024\/03\/sodapdf-converted_Page_2-773x1000.jpeg 773w, https:\/\/isfd3-nqn.infd.edu.ar\/sitio\/wp-content\/uploads\/2024\/03\/sodapdf-converted_Page_2-768x994.jpeg 768w, https:\/\/isfd3-nqn.infd.edu.ar\/sitio\/wp-content\/uploads\/2024\/03\/sodapdf-converted_Page_2-1187x1536.jpeg 1187w, https:\/\/isfd3-nqn.infd.edu.ar\/sitio\/wp-content\/uploads\/2024\/03\/sodapdf-converted_Page_2-1583x2048.jpeg 1583w, https:\/\/isfd3-nqn.infd.edu.ar\/sitio\/wp-content\/uploads\/2024\/03\/sodapdf-converted_Page_2.jpeg 1700w\" sizes=\"(max-width: 1468px) 100vw, 1468px\" \/><\/figure>\n\n\n\n<figure class=\"wp-block-image size-large\"><img decoding=\"async\" loading=\"lazy\" width=\"1468\" height=\"1900\" src=\"https:\/\/isfd3-nqn.infd.edu.ar\/sitio\/wp-content\/uploads\/2024\/03\/sodapdf-converted_Page_3-1468x1900.jpeg\" alt=\"\" class=\"wp-image-2506\" srcset=\"https:\/\/isfd3-nqn.infd.edu.ar\/sitio\/wp-content\/uploads\/2024\/03\/sodapdf-converted_Page_3-1468x1900.jpeg 1468w, https:\/\/isfd3-nqn.infd.edu.ar\/sitio\/wp-content\/uploads\/2024\/03\/sodapdf-converted_Page_3-773x1000.jpeg 773w, https:\/\/isfd3-nqn.infd.edu.ar\/sitio\/wp-content\/uploads\/2024\/03\/sodapdf-converted_Page_3-768x994.jpeg 768w, https:\/\/isfd3-nqn.infd.edu.ar\/sitio\/wp-content\/uploads\/2024\/03\/sodapdf-converted_Page_3-1187x1536.jpeg 1187w, https:\/\/isfd3-nqn.infd.edu.ar\/sitio\/wp-content\/uploads\/2024\/03\/sodapdf-converted_Page_3-1583x2048.jpeg 1583w, https:\/\/isfd3-nqn.infd.edu.ar\/sitio\/wp-content\/uploads\/2024\/03\/sodapdf-converted_Page_3.jpeg 1700w\" sizes=\"(max-width: 1468px) 100vw, 1468px\" \/><\/figure>\n\n\n\n<figure class=\"wp-block-image size-large\"><img decoding=\"async\" loading=\"lazy\" width=\"1468\" height=\"1900\" src=\"https:\/\/isfd3-nqn.infd.edu.ar\/sitio\/wp-content\/uploads\/2024\/03\/sodapdf-converted_Page_4-1468x1900.jpeg\" alt=\"\" class=\"wp-image-2507\" srcset=\"https:\/\/isfd3-nqn.infd.edu.ar\/sitio\/wp-content\/uploads\/2024\/03\/sodapdf-converted_Page_4-1468x1900.jpeg 1468w, https:\/\/isfd3-nqn.infd.edu.ar\/sitio\/wp-content\/uploads\/2024\/03\/sodapdf-converted_Page_4-773x1000.jpeg 773w, https:\/\/isfd3-nqn.infd.edu.ar\/sitio\/wp-content\/uploads\/2024\/03\/sodapdf-converted_Page_4-768x994.jpeg 768w, https:\/\/isfd3-nqn.infd.edu.ar\/sitio\/wp-content\/uploads\/2024\/03\/sodapdf-converted_Page_4-1187x1536.jpeg 1187w, https:\/\/isfd3-nqn.infd.edu.ar\/sitio\/wp-content\/uploads\/2024\/03\/sodapdf-converted_Page_4-1583x2048.jpeg 1583w, https:\/\/isfd3-nqn.infd.edu.ar\/sitio\/wp-content\/uploads\/2024\/03\/sodapdf-converted_Page_4.jpeg 1700w\" sizes=\"(max-width: 1468px) 100vw, 1468px\" \/><\/figure>\n\n\n<div class=\"wp-block-image\">\n<figure class=\"aligncenter size-full is-resized\"><a href=\"https:\/\/drive.google.com\/file\/d\/1EPpYqDuyqWBX6bPWgD4YJ8_rJfuCZz-J\/view?usp=sharing\"><img decoding=\"async\" loading=\"lazy\" src=\"https:\/\/isfd3-nqn.infd.edu.ar\/sitio\/wp-content\/uploads\/2023\/11\/OIP-5.jpg\" alt=\"\" class=\"wp-image-2339\" width=\"271\" height=\"167\"\/><\/a><\/figure><\/div>","protected":false},"excerpt":{"rendered":"<p>Profesorado de Educaci\u00f3n Primaria PLAN DE ESTUDIOS N\u00ba 639 &nbsp;PROFESORADO DE EDUCACI\u00d3N PRIMARIA Denominaci\u00f3n de la Carrera: \u00abProfesorado de Educaci\u00f3n Primaria\u00bbActividad: DocenteNivel: SuperiorModalidad: PresencialCiclo: ProfesoradoEspecialidad: Profesorado de Educaci\u00f3n PrimariaDuraci\u00f3n: Cuatro (4) a\u00f1osTitulo a otorgar: Profesor\/a de Educaci\u00f3n PrimariaCarga horaria total: horas c\u00e1tedra: 4.048 horas reloj: 2.698<\/p>\n","protected":false},"author":3255,"featured_media":0,"parent":0,"menu_order":0,"comment_status":"closed","ping_status":"closed","template":"","meta":[],"acf":[],"_links":{"self":[{"href":"https:\/\/isfd3-nqn.infd.edu.ar\/sitio\/wp-json\/wp\/v2\/pages\/2214"}],"collection":[{"href":"https:\/\/isfd3-nqn.infd.edu.ar\/sitio\/wp-json\/wp\/v2\/pages"}],"about":[{"href":"https:\/\/isfd3-nqn.infd.edu.ar\/sitio\/wp-json\/wp\/v2\/types\/page"}],"author":[{"embeddable":true,"href":"https:\/\/isfd3-nqn.infd.edu.ar\/sitio\/wp-json\/wp\/v2\/users\/3255"}],"replies":[{"embeddable":true,"href":"https:\/\/isfd3-nqn.infd.edu.ar\/sitio\/wp-json\/wp\/v2\/comments?post=2214"}],"version-history":[{"count":5,"href":"https:\/\/isfd3-nqn.infd.edu.ar\/sitio\/wp-json\/wp\/v2\/pages\/2214\/revisions"}],"predecessor-version":[{"id":2517,"href":"https:\/\/isfd3-nqn.infd.edu.ar\/sitio\/wp-json\/wp\/v2\/pages\/2214\/revisions\/2517"}],"wp:attachment":[{"href":"https:\/\/isfd3-nqn.infd.edu.ar\/sitio\/wp-json\/wp\/v2\/media?parent=2214"}],"curies":[{"name":"wp","href":"https:\/\/api.w.org\/{rel}","templated":true}]}}