{"id":2220,"date":"2023-11-02T20:38:01","date_gmt":"2023-11-02T23:38:01","guid":{"rendered":"https:\/\/isfd3-nqn.infd.edu.ar\/sitio\/?page_id=2220"},"modified":"2024-03-13T12:52:58","modified_gmt":"2024-03-13T15:52:58","slug":"plan-de-estudios-5","status":"publish","type":"page","link":"https:\/\/isfd3-nqn.infd.edu.ar\/sitio\/plan-de-estudios-5\/","title":{"rendered":"Plan de Estudios"},"content":{"rendered":"\n<p>Profesorado de Educaci\u00f3n Secundaria en&nbsp; Lengua y Literatura<\/p>\n\n\n\n<p class=\"has-text-align-center has-base-3-color has-contrast-2-background-color has-text-color has-background\"><strong>PLAN DE ESTUDIO N\u00b0 579<\/strong><\/p>\n\n\n\n<p class=\"has-text-align-center has-contrast-3-background-color has-background\"><strong>PROFESORADO DE EDUCACI\u00d3N SECUNDARIA EN LENGUA Y LITERATURA<\/strong><\/p>\n\n\n\n<p><strong>Denominaci\u00f3n de la Carrera<\/strong>: \u00abProfesorado de Educaci\u00f3n Secundaria en Lengua y<br>Literatura\u00bb<br><strong>Actividad: <\/strong>1 Docente<br><strong>Nivel:<\/strong> 4 Superior<br><strong>Modalidad:<\/strong> 12 Presencial<br><strong>Ciclo:<\/strong> Profesorado<br><strong>Especialidad:<\/strong> Profesorado de Educaci\u00f3n Secundaria en Lengua y Literatura<br><strong>Duraci\u00f3n:<\/strong> Cuatro a\u00f1os<br><strong>Titulo a otorgar:<\/strong> Profesor\/a de Educaci\u00f3n Secundaria en Lengua y Literatura<br><strong>Carga horaria total:<\/strong> horas c\u00e1tedra: 4032 horas reloj: 2688.<\/p>\n\n\n\n<figure class=\"wp-block-image size-large\"><img decoding=\"async\" loading=\"lazy\" width=\"1468\" height=\"1900\" src=\"https:\/\/isfd3-nqn.infd.edu.ar\/sitio\/wp-content\/uploads\/2024\/03\/sodapdf-converted_Page_1-2-1468x1900.jpeg\" alt=\"\" class=\"wp-image-2518\" srcset=\"https:\/\/isfd3-nqn.infd.edu.ar\/sitio\/wp-content\/uploads\/2024\/03\/sodapdf-converted_Page_1-2-1468x1900.jpeg 1468w, https:\/\/isfd3-nqn.infd.edu.ar\/sitio\/wp-content\/uploads\/2024\/03\/sodapdf-converted_Page_1-2-773x1000.jpeg 773w, https:\/\/isfd3-nqn.infd.edu.ar\/sitio\/wp-content\/uploads\/2024\/03\/sodapdf-converted_Page_1-2-768x994.jpeg 768w, https:\/\/isfd3-nqn.infd.edu.ar\/sitio\/wp-content\/uploads\/2024\/03\/sodapdf-converted_Page_1-2-1187x1536.jpeg 1187w, https:\/\/isfd3-nqn.infd.edu.ar\/sitio\/wp-content\/uploads\/2024\/03\/sodapdf-converted_Page_1-2-1583x2048.jpeg 1583w, https:\/\/isfd3-nqn.infd.edu.ar\/sitio\/wp-content\/uploads\/2024\/03\/sodapdf-converted_Page_1-2.jpeg 1700w\" sizes=\"(max-width: 1468px) 100vw, 1468px\" \/><\/figure>\n\n\n\n<figure class=\"wp-block-image size-large\"><img decoding=\"async\" loading=\"lazy\" width=\"1468\" height=\"1900\" src=\"https:\/\/isfd3-nqn.infd.edu.ar\/sitio\/wp-content\/uploads\/2024\/03\/sodapdf-converted_Page_2-2-1468x1900.jpeg\" alt=\"\" class=\"wp-image-2519\" srcset=\"https:\/\/isfd3-nqn.infd.edu.ar\/sitio\/wp-content\/uploads\/2024\/03\/sodapdf-converted_Page_2-2-1468x1900.jpeg 1468w, https:\/\/isfd3-nqn.infd.edu.ar\/sitio\/wp-content\/uploads\/2024\/03\/sodapdf-converted_Page_2-2-773x1000.jpeg 773w, https:\/\/isfd3-nqn.infd.edu.ar\/sitio\/wp-content\/uploads\/2024\/03\/sodapdf-converted_Page_2-2-768x994.jpeg 768w, https:\/\/isfd3-nqn.infd.edu.ar\/sitio\/wp-content\/uploads\/2024\/03\/sodapdf-converted_Page_2-2-1187x1536.jpeg 1187w, https:\/\/isfd3-nqn.infd.edu.ar\/sitio\/wp-content\/uploads\/2024\/03\/sodapdf-converted_Page_2-2-1583x2048.jpeg 1583w, https:\/\/isfd3-nqn.infd.edu.ar\/sitio\/wp-content\/uploads\/2024\/03\/sodapdf-converted_Page_2-2.jpeg 1700w\" sizes=\"(max-width: 1468px) 100vw, 1468px\" \/><\/figure>\n\n\n\n<figure class=\"wp-block-image size-large\"><img decoding=\"async\" loading=\"lazy\" width=\"1468\" height=\"1900\" src=\"https:\/\/isfd3-nqn.infd.edu.ar\/sitio\/wp-content\/uploads\/2024\/03\/sodapdf-converted_Page_3-3-1468x1900.jpeg\" alt=\"\" class=\"wp-image-2522\" srcset=\"https:\/\/isfd3-nqn.infd.edu.ar\/sitio\/wp-content\/uploads\/2024\/03\/sodapdf-converted_Page_3-3-1468x1900.jpeg 1468w, https:\/\/isfd3-nqn.infd.edu.ar\/sitio\/wp-content\/uploads\/2024\/03\/sodapdf-converted_Page_3-3-773x1000.jpeg 773w, https:\/\/isfd3-nqn.infd.edu.ar\/sitio\/wp-content\/uploads\/2024\/03\/sodapdf-converted_Page_3-3-768x994.jpeg 768w, https:\/\/isfd3-nqn.infd.edu.ar\/sitio\/wp-content\/uploads\/2024\/03\/sodapdf-converted_Page_3-3-1187x1536.jpeg 1187w, https:\/\/isfd3-nqn.infd.edu.ar\/sitio\/wp-content\/uploads\/2024\/03\/sodapdf-converted_Page_3-3-1583x2048.jpeg 1583w, https:\/\/isfd3-nqn.infd.edu.ar\/sitio\/wp-content\/uploads\/2024\/03\/sodapdf-converted_Page_3-3.jpeg 1700w\" sizes=\"(max-width: 1468px) 100vw, 1468px\" \/><\/figure>\n\n\n\n<figure class=\"wp-block-image size-large\"><img decoding=\"async\" loading=\"lazy\" width=\"1468\" height=\"1900\" src=\"https:\/\/isfd3-nqn.infd.edu.ar\/sitio\/wp-content\/uploads\/2024\/03\/sodapdf-converted_Page_4-2-1468x1900.jpeg\" alt=\"\" class=\"wp-image-2521\" srcset=\"https:\/\/isfd3-nqn.infd.edu.ar\/sitio\/wp-content\/uploads\/2024\/03\/sodapdf-converted_Page_4-2-1468x1900.jpeg 1468w, https:\/\/isfd3-nqn.infd.edu.ar\/sitio\/wp-content\/uploads\/2024\/03\/sodapdf-converted_Page_4-2-773x1000.jpeg 773w, https:\/\/isfd3-nqn.infd.edu.ar\/sitio\/wp-content\/uploads\/2024\/03\/sodapdf-converted_Page_4-2-768x994.jpeg 768w, https:\/\/isfd3-nqn.infd.edu.ar\/sitio\/wp-content\/uploads\/2024\/03\/sodapdf-converted_Page_4-2-1187x1536.jpeg 1187w, https:\/\/isfd3-nqn.infd.edu.ar\/sitio\/wp-content\/uploads\/2024\/03\/sodapdf-converted_Page_4-2-1583x2048.jpeg 1583w, https:\/\/isfd3-nqn.infd.edu.ar\/sitio\/wp-content\/uploads\/2024\/03\/sodapdf-converted_Page_4-2.jpeg 1700w\" sizes=\"(max-width: 1468px) 100vw, 1468px\" \/><\/figure>\n\n\n<div class=\"wp-block-image\">\n<figure class=\"aligncenter size-full is-resized\"><a href=\"https:\/\/drive.google.com\/file\/d\/1Pgjw7ktWxIJvz9Ikc78d-mdwIhYRI7us\/view?usp=sharing\"><img decoding=\"async\" loading=\"lazy\" src=\"https:\/\/isfd3-nqn.infd.edu.ar\/sitio\/wp-content\/uploads\/2023\/11\/OIP-4.jpg\" alt=\"\" class=\"wp-image-2342\" width=\"345\" height=\"213\"\/><\/a><\/figure><\/div>","protected":false},"excerpt":{"rendered":"<p>Profesorado de Educaci\u00f3n Secundaria en&nbsp; Lengua y Literatura PLAN DE ESTUDIO N\u00b0 579 PROFESORADO DE EDUCACI\u00d3N SECUNDARIA EN LENGUA Y LITERATURA Denominaci\u00f3n de la Carrera: \u00abProfesorado de Educaci\u00f3n Secundaria en Lengua yLiteratura\u00bbActividad: 1 DocenteNivel: 4 SuperiorModalidad: 12 PresencialCiclo: ProfesoradoEspecialidad: Profesorado de Educaci\u00f3n Secundaria en Lengua y LiteraturaDuraci\u00f3n: Cuatro a\u00f1osTitulo a otorgar: Profesor\/a de Educaci\u00f3n Secundaria &#8230; <a title=\"Plan de Estudios\" class=\"read-more\" href=\"https:\/\/isfd3-nqn.infd.edu.ar\/sitio\/plan-de-estudios-5\/\" aria-label=\"More on Plan de Estudios\">[+]<\/a><\/p>\n","protected":false},"author":3255,"featured_media":0,"parent":0,"menu_order":0,"comment_status":"closed","ping_status":"closed","template":"","meta":[],"acf":[],"_links":{"self":[{"href":"https:\/\/isfd3-nqn.infd.edu.ar\/sitio\/wp-json\/wp\/v2\/pages\/2220"}],"collection":[{"href":"https:\/\/isfd3-nqn.infd.edu.ar\/sitio\/wp-json\/wp\/v2\/pages"}],"about":[{"href":"https:\/\/isfd3-nqn.infd.edu.ar\/sitio\/wp-json\/wp\/v2\/types\/page"}],"author":[{"embeddable":true,"href":"https:\/\/isfd3-nqn.infd.edu.ar\/sitio\/wp-json\/wp\/v2\/users\/3255"}],"replies":[{"embeddable":true,"href":"https:\/\/isfd3-nqn.infd.edu.ar\/sitio\/wp-json\/wp\/v2\/comments?post=2220"}],"version-history":[{"count":4,"href":"https:\/\/isfd3-nqn.infd.edu.ar\/sitio\/wp-json\/wp\/v2\/pages\/2220\/revisions"}],"predecessor-version":[{"id":2523,"href":"https:\/\/isfd3-nqn.infd.edu.ar\/sitio\/wp-json\/wp\/v2\/pages\/2220\/revisions\/2523"}],"wp:attachment":[{"href":"https:\/\/isfd3-nqn.infd.edu.ar\/sitio\/wp-json\/wp\/v2\/media?parent=2220"}],"curies":[{"name":"wp","href":"https:\/\/api.w.org\/{rel}","templated":true}]}}