{"id":2233,"date":"2023-11-02T20:45:02","date_gmt":"2023-11-02T23:45:02","guid":{"rendered":"https:\/\/isfd3-nqn.infd.edu.ar\/sitio\/?page_id=2233"},"modified":"2024-03-14T19:55:00","modified_gmt":"2024-03-14T22:55:00","slug":"plan-de-estudios-7","status":"publish","type":"page","link":"https:\/\/isfd3-nqn.infd.edu.ar\/sitio\/plan-de-estudios-7\/","title":{"rendered":"Plan de estudios"},"content":{"rendered":"\n<p>Profesorado de Educaci\u00f3n Secundaria en Matem\u00e1tica<\/p>\n\n\n\n<p class=\"has-text-align-center has-background\" style=\"background-color:#bbc0cf\"><strong>PLAN DE ESTUDIO N\u00b0 577 <\/strong> <\/p>\n\n\n\n<p class=\"has-text-align-center has-background\" style=\"background-color:#babfcf96\"><strong>PROFESORADO DE EDUCACI\u00d3N SECUNDARIA EN MATEM\u00c1TICA<\/strong><\/p>\n\n\n\n<div class=\"wp-block-group is-layout-constrained\"><div class=\"wp-block-group__inner-container\">\n<p><strong>Denominaci\u00f3n de la Carrera:<\/strong>\u00a0\u00abProfesorado de Educaci\u00f3n Secundaria en Matem\u00e1tica\u00bb<br><strong>Actividad:<\/strong>\u00a0Docente<br><strong>Nivel:<\/strong>\u00a0Superior<br><strong>Modalidad<\/strong>: Presencial<br><strong>Duraci\u00f3n en a\u00f1os Acad\u00e9micos:<\/strong>\u00a0Cuatro a\u00f1os<br><strong>T\u00edtulo a otorgar:<\/strong>\u00a0Profesor\/a de Educaci\u00f3n Secundaria en Matem\u00e1tica<br><strong>Carga horaria total:<\/strong>\u00a0horas c\u00e1tedra: 4256 horas reloj: 2838<\/p>\n\n\n\n<figure class=\"wp-block-image size-large\"><img decoding=\"async\" loading=\"lazy\" width=\"1468\" height=\"1900\" src=\"https:\/\/isfd3-nqn.infd.edu.ar\/sitio\/wp-content\/uploads\/2024\/03\/sodapdf-converted_Page_1-6-1468x1900.jpeg\" alt=\"\" class=\"wp-image-2560\" srcset=\"https:\/\/isfd3-nqn.infd.edu.ar\/sitio\/wp-content\/uploads\/2024\/03\/sodapdf-converted_Page_1-6-1468x1900.jpeg 1468w, https:\/\/isfd3-nqn.infd.edu.ar\/sitio\/wp-content\/uploads\/2024\/03\/sodapdf-converted_Page_1-6-773x1000.jpeg 773w, https:\/\/isfd3-nqn.infd.edu.ar\/sitio\/wp-content\/uploads\/2024\/03\/sodapdf-converted_Page_1-6-768x994.jpeg 768w, https:\/\/isfd3-nqn.infd.edu.ar\/sitio\/wp-content\/uploads\/2024\/03\/sodapdf-converted_Page_1-6-1187x1536.jpeg 1187w, https:\/\/isfd3-nqn.infd.edu.ar\/sitio\/wp-content\/uploads\/2024\/03\/sodapdf-converted_Page_1-6-1583x2048.jpeg 1583w, https:\/\/isfd3-nqn.infd.edu.ar\/sitio\/wp-content\/uploads\/2024\/03\/sodapdf-converted_Page_1-6.jpeg 1700w\" sizes=\"(max-width: 1468px) 100vw, 1468px\" \/><\/figure>\n\n\n\n<figure class=\"wp-block-image size-large\"><img decoding=\"async\" loading=\"lazy\" width=\"1468\" height=\"1900\" src=\"https:\/\/isfd3-nqn.infd.edu.ar\/sitio\/wp-content\/uploads\/2024\/03\/sodapdf-converted_Page_2-6-1468x1900.jpeg\" alt=\"\" class=\"wp-image-2561\" srcset=\"https:\/\/isfd3-nqn.infd.edu.ar\/sitio\/wp-content\/uploads\/2024\/03\/sodapdf-converted_Page_2-6-1468x1900.jpeg 1468w, https:\/\/isfd3-nqn.infd.edu.ar\/sitio\/wp-content\/uploads\/2024\/03\/sodapdf-converted_Page_2-6-773x1000.jpeg 773w, https:\/\/isfd3-nqn.infd.edu.ar\/sitio\/wp-content\/uploads\/2024\/03\/sodapdf-converted_Page_2-6-768x994.jpeg 768w, https:\/\/isfd3-nqn.infd.edu.ar\/sitio\/wp-content\/uploads\/2024\/03\/sodapdf-converted_Page_2-6-1187x1536.jpeg 1187w, https:\/\/isfd3-nqn.infd.edu.ar\/sitio\/wp-content\/uploads\/2024\/03\/sodapdf-converted_Page_2-6-1583x2048.jpeg 1583w, https:\/\/isfd3-nqn.infd.edu.ar\/sitio\/wp-content\/uploads\/2024\/03\/sodapdf-converted_Page_2-6.jpeg 1700w\" sizes=\"(max-width: 1468px) 100vw, 1468px\" \/><\/figure>\n\n\n\n<figure class=\"wp-block-image size-large\"><img decoding=\"async\" loading=\"lazy\" width=\"1468\" height=\"1900\" src=\"https:\/\/isfd3-nqn.infd.edu.ar\/sitio\/wp-content\/uploads\/2024\/03\/sodapdf-converted_Page_3-8-1468x1900.jpeg\" alt=\"\" class=\"wp-image-2562\" srcset=\"https:\/\/isfd3-nqn.infd.edu.ar\/sitio\/wp-content\/uploads\/2024\/03\/sodapdf-converted_Page_3-8-1468x1900.jpeg 1468w, https:\/\/isfd3-nqn.infd.edu.ar\/sitio\/wp-content\/uploads\/2024\/03\/sodapdf-converted_Page_3-8-773x1000.jpeg 773w, https:\/\/isfd3-nqn.infd.edu.ar\/sitio\/wp-content\/uploads\/2024\/03\/sodapdf-converted_Page_3-8-768x994.jpeg 768w, https:\/\/isfd3-nqn.infd.edu.ar\/sitio\/wp-content\/uploads\/2024\/03\/sodapdf-converted_Page_3-8-1187x1536.jpeg 1187w, https:\/\/isfd3-nqn.infd.edu.ar\/sitio\/wp-content\/uploads\/2024\/03\/sodapdf-converted_Page_3-8-1583x2048.jpeg 1583w, https:\/\/isfd3-nqn.infd.edu.ar\/sitio\/wp-content\/uploads\/2024\/03\/sodapdf-converted_Page_3-8.jpeg 1700w\" sizes=\"(max-width: 1468px) 100vw, 1468px\" \/><\/figure>\n\n\n\n<figure class=\"wp-block-image size-large\"><img decoding=\"async\" loading=\"lazy\" width=\"1468\" height=\"1900\" src=\"https:\/\/isfd3-nqn.infd.edu.ar\/sitio\/wp-content\/uploads\/2024\/03\/sodapdf-converted_Page_4-6-1468x1900.jpeg\" alt=\"\" class=\"wp-image-2563\" srcset=\"https:\/\/isfd3-nqn.infd.edu.ar\/sitio\/wp-content\/uploads\/2024\/03\/sodapdf-converted_Page_4-6-1468x1900.jpeg 1468w, https:\/\/isfd3-nqn.infd.edu.ar\/sitio\/wp-content\/uploads\/2024\/03\/sodapdf-converted_Page_4-6-773x1000.jpeg 773w, https:\/\/isfd3-nqn.infd.edu.ar\/sitio\/wp-content\/uploads\/2024\/03\/sodapdf-converted_Page_4-6-768x994.jpeg 768w, https:\/\/isfd3-nqn.infd.edu.ar\/sitio\/wp-content\/uploads\/2024\/03\/sodapdf-converted_Page_4-6-1187x1536.jpeg 1187w, https:\/\/isfd3-nqn.infd.edu.ar\/sitio\/wp-content\/uploads\/2024\/03\/sodapdf-converted_Page_4-6-1583x2048.jpeg 1583w, https:\/\/isfd3-nqn.infd.edu.ar\/sitio\/wp-content\/uploads\/2024\/03\/sodapdf-converted_Page_4-6.jpeg 1700w\" sizes=\"(max-width: 1468px) 100vw, 1468px\" \/><\/figure>\n<\/div><\/div>\n\n\n<div class=\"wp-block-image\">\n<figure class=\"aligncenter size-full is-resized\"><a href=\"https:\/\/drive.google.com\/file\/d\/1XAnwmS0Hz0_hsIFrQC2KwZ-MA3dZLgLe\/view?usp=sharing\"><img decoding=\"async\" loading=\"lazy\" src=\"https:\/\/isfd3-nqn.infd.edu.ar\/sitio\/wp-content\/uploads\/2023\/11\/OIP-5.jpeg\" alt=\"\" class=\"wp-image-2314\" width=\"252\" height=\"155\"\/><\/a><\/figure><\/div>","protected":false},"excerpt":{"rendered":"<p>Profesorado de Educaci\u00f3n Secundaria en Matem\u00e1tica PLAN DE ESTUDIO N\u00b0 577 PROFESORADO DE EDUCACI\u00d3N SECUNDARIA EN MATEM\u00c1TICA Denominaci\u00f3n de la Carrera:\u00a0\u00abProfesorado de Educaci\u00f3n Secundaria en Matem\u00e1tica\u00bbActividad:\u00a0DocenteNivel:\u00a0SuperiorModalidad: PresencialDuraci\u00f3n en a\u00f1os Acad\u00e9micos:\u00a0Cuatro a\u00f1osT\u00edtulo a otorgar:\u00a0Profesor\/a de Educaci\u00f3n Secundaria en Matem\u00e1ticaCarga horaria total:\u00a0horas c\u00e1tedra: 4256 horas reloj: 2838<\/p>\n","protected":false},"author":3255,"featured_media":0,"parent":0,"menu_order":0,"comment_status":"closed","ping_status":"closed","template":"","meta":[],"acf":[],"_links":{"self":[{"href":"https:\/\/isfd3-nqn.infd.edu.ar\/sitio\/wp-json\/wp\/v2\/pages\/2233"}],"collection":[{"href":"https:\/\/isfd3-nqn.infd.edu.ar\/sitio\/wp-json\/wp\/v2\/pages"}],"about":[{"href":"https:\/\/isfd3-nqn.infd.edu.ar\/sitio\/wp-json\/wp\/v2\/types\/page"}],"author":[{"embeddable":true,"href":"https:\/\/isfd3-nqn.infd.edu.ar\/sitio\/wp-json\/wp\/v2\/users\/3255"}],"replies":[{"embeddable":true,"href":"https:\/\/isfd3-nqn.infd.edu.ar\/sitio\/wp-json\/wp\/v2\/comments?post=2233"}],"version-history":[{"count":12,"href":"https:\/\/isfd3-nqn.infd.edu.ar\/sitio\/wp-json\/wp\/v2\/pages\/2233\/revisions"}],"predecessor-version":[{"id":2564,"href":"https:\/\/isfd3-nqn.infd.edu.ar\/sitio\/wp-json\/wp\/v2\/pages\/2233\/revisions\/2564"}],"wp:attachment":[{"href":"https:\/\/isfd3-nqn.infd.edu.ar\/sitio\/wp-json\/wp\/v2\/media?parent=2233"}],"curies":[{"name":"wp","href":"https:\/\/api.w.org\/{rel}","templated":true}]}}