{"id":2247,"date":"2023-11-02T20:54:45","date_gmt":"2023-11-02T23:54:45","guid":{"rendered":"https:\/\/isfd3-nqn.infd.edu.ar\/sitio\/?page_id=2247"},"modified":"2024-03-13T22:29:53","modified_gmt":"2024-03-14T01:29:53","slug":"plan-de-estudios-9","status":"publish","type":"page","link":"https:\/\/isfd3-nqn.infd.edu.ar\/sitio\/plan-de-estudios-9\/","title":{"rendered":"Plan de estudios"},"content":{"rendered":"\n<p>Profesorado de Educaci\u00f3n Secundaria en Qu\u00edmica<\/p>\n\n\n\n<p class=\"has-text-align-center has-base-3-color has-contrast-2-background-color has-text-color has-background\">PLAN DE ESTUDIO No 547<\/p>\n\n\n\n<p class=\"has-text-align-center has-contrast-3-background-color has-background\">PROFESORADO DE EDUCACI\u00d3N SECUNDARIA EN QU\u00cdMICA<\/p>\n\n\n\n<p><strong>Denominaci\u00f3n de la Carrera: <\/strong>\u00abProfesorado de Educaci\u00f3n Secundaria en Qu\u00edmica\u00bb<br><strong>Actividad:<\/strong>  Docente<br><strong>Nivel<\/strong>: Superior<br><strong>Modalidad:<\/strong> Presencial<br><strong>Ciclo:<\/strong> Profesorado<br><strong>Especialidad: <\/strong>Profesorado de Educaci\u00f3n Secundaria en Qu\u00edmica<br><strong>Duraci\u00f3n:<\/strong> Cuatro a\u00f1os<br><strong>Titulo a otorgar:<\/strong> Profesor\/a de Educaci\u00f3n Secundaria en Qu\u00edmica<br><strong>Carga horaria total:<\/strong> horas c\u00e1tedra: 4160 horas reloj: 2773.<\/p>\n\n\n\n<p><strong><br><\/strong><\/p>\n\n\n\n<figure class=\"wp-block-image size-large\"><img decoding=\"async\" loading=\"lazy\" width=\"1468\" height=\"1900\" src=\"https:\/\/isfd3-nqn.infd.edu.ar\/sitio\/wp-content\/uploads\/2024\/03\/sodapdf-converted_Page_1-5-1468x1900.jpeg\" alt=\"\" class=\"wp-image-2538\" srcset=\"https:\/\/isfd3-nqn.infd.edu.ar\/sitio\/wp-content\/uploads\/2024\/03\/sodapdf-converted_Page_1-5-1468x1900.jpeg 1468w, https:\/\/isfd3-nqn.infd.edu.ar\/sitio\/wp-content\/uploads\/2024\/03\/sodapdf-converted_Page_1-5-773x1000.jpeg 773w, https:\/\/isfd3-nqn.infd.edu.ar\/sitio\/wp-content\/uploads\/2024\/03\/sodapdf-converted_Page_1-5-768x994.jpeg 768w, https:\/\/isfd3-nqn.infd.edu.ar\/sitio\/wp-content\/uploads\/2024\/03\/sodapdf-converted_Page_1-5-1187x1536.jpeg 1187w, https:\/\/isfd3-nqn.infd.edu.ar\/sitio\/wp-content\/uploads\/2024\/03\/sodapdf-converted_Page_1-5-1583x2048.jpeg 1583w, https:\/\/isfd3-nqn.infd.edu.ar\/sitio\/wp-content\/uploads\/2024\/03\/sodapdf-converted_Page_1-5.jpeg 1700w\" sizes=\"(max-width: 1468px) 100vw, 1468px\" \/><\/figure>\n\n\n\n<figure class=\"wp-block-image size-large\"><img decoding=\"async\" loading=\"lazy\" width=\"1468\" height=\"1900\" src=\"https:\/\/isfd3-nqn.infd.edu.ar\/sitio\/wp-content\/uploads\/2024\/03\/sodapdf-converted_Page_2-5-1468x1900.jpeg\" alt=\"\" class=\"wp-image-2539\" srcset=\"https:\/\/isfd3-nqn.infd.edu.ar\/sitio\/wp-content\/uploads\/2024\/03\/sodapdf-converted_Page_2-5-1468x1900.jpeg 1468w, https:\/\/isfd3-nqn.infd.edu.ar\/sitio\/wp-content\/uploads\/2024\/03\/sodapdf-converted_Page_2-5-773x1000.jpeg 773w, https:\/\/isfd3-nqn.infd.edu.ar\/sitio\/wp-content\/uploads\/2024\/03\/sodapdf-converted_Page_2-5-768x994.jpeg 768w, https:\/\/isfd3-nqn.infd.edu.ar\/sitio\/wp-content\/uploads\/2024\/03\/sodapdf-converted_Page_2-5-1187x1536.jpeg 1187w, https:\/\/isfd3-nqn.infd.edu.ar\/sitio\/wp-content\/uploads\/2024\/03\/sodapdf-converted_Page_2-5-1583x2048.jpeg 1583w, https:\/\/isfd3-nqn.infd.edu.ar\/sitio\/wp-content\/uploads\/2024\/03\/sodapdf-converted_Page_2-5.jpeg 1700w\" sizes=\"(max-width: 1468px) 100vw, 1468px\" \/><\/figure>\n\n\n\n<figure class=\"wp-block-image size-large\"><img decoding=\"async\" loading=\"lazy\" width=\"1468\" height=\"1900\" src=\"https:\/\/isfd3-nqn.infd.edu.ar\/sitio\/wp-content\/uploads\/2024\/03\/sodapdf-converted_Page_3-7-1468x1900.jpeg\" alt=\"\" class=\"wp-image-2540\" srcset=\"https:\/\/isfd3-nqn.infd.edu.ar\/sitio\/wp-content\/uploads\/2024\/03\/sodapdf-converted_Page_3-7-1468x1900.jpeg 1468w, https:\/\/isfd3-nqn.infd.edu.ar\/sitio\/wp-content\/uploads\/2024\/03\/sodapdf-converted_Page_3-7-773x1000.jpeg 773w, https:\/\/isfd3-nqn.infd.edu.ar\/sitio\/wp-content\/uploads\/2024\/03\/sodapdf-converted_Page_3-7-768x994.jpeg 768w, https:\/\/isfd3-nqn.infd.edu.ar\/sitio\/wp-content\/uploads\/2024\/03\/sodapdf-converted_Page_3-7-1187x1536.jpeg 1187w, https:\/\/isfd3-nqn.infd.edu.ar\/sitio\/wp-content\/uploads\/2024\/03\/sodapdf-converted_Page_3-7-1583x2048.jpeg 1583w, https:\/\/isfd3-nqn.infd.edu.ar\/sitio\/wp-content\/uploads\/2024\/03\/sodapdf-converted_Page_3-7.jpeg 1700w\" sizes=\"(max-width: 1468px) 100vw, 1468px\" \/><\/figure>\n\n\n\n<figure class=\"wp-block-image size-large\"><img decoding=\"async\" loading=\"lazy\" width=\"1468\" height=\"1900\" src=\"https:\/\/isfd3-nqn.infd.edu.ar\/sitio\/wp-content\/uploads\/2024\/03\/sodapdf-converted_Page_4-5-1468x1900.jpeg\" alt=\"\" class=\"wp-image-2541\" srcset=\"https:\/\/isfd3-nqn.infd.edu.ar\/sitio\/wp-content\/uploads\/2024\/03\/sodapdf-converted_Page_4-5-1468x1900.jpeg 1468w, https:\/\/isfd3-nqn.infd.edu.ar\/sitio\/wp-content\/uploads\/2024\/03\/sodapdf-converted_Page_4-5-773x1000.jpeg 773w, https:\/\/isfd3-nqn.infd.edu.ar\/sitio\/wp-content\/uploads\/2024\/03\/sodapdf-converted_Page_4-5-768x994.jpeg 768w, https:\/\/isfd3-nqn.infd.edu.ar\/sitio\/wp-content\/uploads\/2024\/03\/sodapdf-converted_Page_4-5-1187x1536.jpeg 1187w, https:\/\/isfd3-nqn.infd.edu.ar\/sitio\/wp-content\/uploads\/2024\/03\/sodapdf-converted_Page_4-5-1583x2048.jpeg 1583w, https:\/\/isfd3-nqn.infd.edu.ar\/sitio\/wp-content\/uploads\/2024\/03\/sodapdf-converted_Page_4-5.jpeg 1700w\" sizes=\"(max-width: 1468px) 100vw, 1468px\" \/><\/figure>\n\n\n<div class=\"wp-block-image\">\n<figure class=\"aligncenter size-full is-resized\"><a href=\"https:\/\/drive.google.com\/file\/d\/1uqllsgYjrtBZoGET0CRri2Wr2WNAM1r6\/view?usp=sharing\"><img decoding=\"async\" loading=\"lazy\" src=\"https:\/\/isfd3-nqn.infd.edu.ar\/sitio\/wp-content\/uploads\/2023\/11\/OIP-2.jpg\" alt=\"\" class=\"wp-image-2349\" width=\"348\" height=\"214\"\/><\/a><\/figure><\/div>","protected":false},"excerpt":{"rendered":"<p>Profesorado de Educaci\u00f3n Secundaria en Qu\u00edmica PLAN DE ESTUDIO No 547 PROFESORADO DE EDUCACI\u00d3N SECUNDARIA EN QU\u00cdMICA Denominaci\u00f3n de la Carrera: \u00abProfesorado de Educaci\u00f3n Secundaria en Qu\u00edmica\u00bbActividad: DocenteNivel: SuperiorModalidad: PresencialCiclo: ProfesoradoEspecialidad: Profesorado de Educaci\u00f3n Secundaria en Qu\u00edmicaDuraci\u00f3n: Cuatro a\u00f1osTitulo a otorgar: Profesor\/a de Educaci\u00f3n Secundaria en Qu\u00edmicaCarga horaria total: horas c\u00e1tedra: 4160 horas reloj: 2773.<\/p>\n","protected":false},"author":3255,"featured_media":0,"parent":0,"menu_order":0,"comment_status":"closed","ping_status":"closed","template":"","meta":[],"acf":[],"_links":{"self":[{"href":"https:\/\/isfd3-nqn.infd.edu.ar\/sitio\/wp-json\/wp\/v2\/pages\/2247"}],"collection":[{"href":"https:\/\/isfd3-nqn.infd.edu.ar\/sitio\/wp-json\/wp\/v2\/pages"}],"about":[{"href":"https:\/\/isfd3-nqn.infd.edu.ar\/sitio\/wp-json\/wp\/v2\/types\/page"}],"author":[{"embeddable":true,"href":"https:\/\/isfd3-nqn.infd.edu.ar\/sitio\/wp-json\/wp\/v2\/users\/3255"}],"replies":[{"embeddable":true,"href":"https:\/\/isfd3-nqn.infd.edu.ar\/sitio\/wp-json\/wp\/v2\/comments?post=2247"}],"version-history":[{"count":4,"href":"https:\/\/isfd3-nqn.infd.edu.ar\/sitio\/wp-json\/wp\/v2\/pages\/2247\/revisions"}],"predecessor-version":[{"id":2542,"href":"https:\/\/isfd3-nqn.infd.edu.ar\/sitio\/wp-json\/wp\/v2\/pages\/2247\/revisions\/2542"}],"wp:attachment":[{"href":"https:\/\/isfd3-nqn.infd.edu.ar\/sitio\/wp-json\/wp\/v2\/media?parent=2247"}],"curies":[{"name":"wp","href":"https:\/\/api.w.org\/{rel}","templated":true}]}}