{"id":2262,"date":"2023-11-02T21:11:16","date_gmt":"2023-11-03T00:11:16","guid":{"rendered":"https:\/\/isfd3-nqn.infd.edu.ar\/sitio\/?page_id=2262"},"modified":"2024-06-11T20:23:22","modified_gmt":"2024-06-11T23:23:22","slug":"asambleas-docentes","status":"publish","type":"page","link":"https:\/\/isfd3-nqn.infd.edu.ar\/sitio\/asambleas-docentes\/","title":{"rendered":"<strong>Asambleas Docentes<\/strong>"},"content":{"rendered":"<div class=\"wp-block-image\">\n<figure class=\"aligncenter size-large is-resized\"><img decoding=\"async\" loading=\"lazy\" src=\"https:\/\/isfd3-nqn.infd.edu.ar\/sitio\/wp-content\/uploads\/2024\/06\/img_RBqApS7tEOKXBoKOUmL-1069x1900.png\" alt=\"\" class=\"wp-image-2681\" width=\"342\" height=\"608\" srcset=\"https:\/\/isfd3-nqn.infd.edu.ar\/sitio\/wp-content\/uploads\/2024\/06\/img_RBqApS7tEOKXBoKOUmL-1069x1900.png 1069w, https:\/\/isfd3-nqn.infd.edu.ar\/sitio\/wp-content\/uploads\/2024\/06\/img_RBqApS7tEOKXBoKOUmL-563x1000.png 563w, https:\/\/isfd3-nqn.infd.edu.ar\/sitio\/wp-content\/uploads\/2024\/06\/img_RBqApS7tEOKXBoKOUmL-768x1365.png 768w, https:\/\/isfd3-nqn.infd.edu.ar\/sitio\/wp-content\/uploads\/2024\/06\/img_RBqApS7tEOKXBoKOUmL-864x1536.png 864w, https:\/\/isfd3-nqn.infd.edu.ar\/sitio\/wp-content\/uploads\/2024\/06\/img_RBqApS7tEOKXBoKOUmL.png 1080w\" sizes=\"(max-width: 342px) 100vw, 342px\" \/><\/figure><\/div>\n\n\n<figure class=\"wp-block-image size-full\"><img decoding=\"async\" loading=\"lazy\" width=\"1024\" height=\"768\" src=\"https:\/\/isfd3-nqn.infd.edu.ar\/sitio\/wp-content\/uploads\/2024\/05\/WhatsApp-Image-2024-05-10-at-14.01.33.jpeg\" alt=\"\" class=\"wp-image-2652\" srcset=\"https:\/\/isfd3-nqn.infd.edu.ar\/sitio\/wp-content\/uploads\/2024\/05\/WhatsApp-Image-2024-05-10-at-14.01.33.jpeg 1024w, https:\/\/isfd3-nqn.infd.edu.ar\/sitio\/wp-content\/uploads\/2024\/05\/WhatsApp-Image-2024-05-10-at-14.01.33-1000x750.jpeg 1000w, https:\/\/isfd3-nqn.infd.edu.ar\/sitio\/wp-content\/uploads\/2024\/05\/WhatsApp-Image-2024-05-10-at-14.01.33-768x576.jpeg 768w\" sizes=\"(max-width: 1024px) 100vw, 1024px\" \/><\/figure>\n\n\n\n<p class=\"has-text-align-center\"><strong><mark style=\"background-color:rgba(0, 0, 0, 0)\" class=\"has-inline-color has-contrast-color\">Atenci\u00f3n y Consultas:<\/mark><\/strong><\/p>\n\n\n\n<div class=\"wp-block-group is-layout-constrained\"><div class=\"wp-block-group__inner-container\">\n<h4 class=\"wp-block-heading\">Tte. Cnel. P\u00e9rez 524<\/h4>\n\n\n\n<h4 class=\"wp-block-heading\"><strong>Horario de atenci\u00f3n<\/strong>: 8 a 22 hs.<\/h4>\n\n\n\n<h4 class=\"wp-block-heading\"><strong>Tel\u00e9fono<\/strong>: (02972) 428190<\/h4>\n\n\n\n<h4 class=\"wp-block-heading\">Correo: ifd003@neuquen.gov.ar<\/h4>\n<\/div><\/div>\n\n\n<div class=\"wp-block-image\">\n<figure class=\"aligncenter size-full\"><img decoding=\"async\" loading=\"lazy\" width=\"764\" height=\"482\" src=\"https:\/\/isfd3-nqn.infd.edu.ar\/sitio\/wp-content\/uploads\/2024\/04\/Captura-de-pantalla-2024-04-04-205035.png\" alt=\"\" class=\"wp-image-2614\"\/><\/figure><\/div>\n\n\n<p class=\"has-text-align-center\">Secretaria: <strong>MARIA GARCIA FLEISS<\/strong><\/p>\n","protected":false},"excerpt":{"rendered":"<p>Atenci\u00f3n y Consultas: Tte. Cnel. P\u00e9rez 524 Horario de atenci\u00f3n: 8 a 22 hs. Tel\u00e9fono: (02972) 428190 Correo: ifd003@neuquen.gov.ar Secretaria: MARIA GARCIA FLEISS<\/p>\n","protected":false},"author":3255,"featured_media":0,"parent":0,"menu_order":0,"comment_status":"closed","ping_status":"closed","template":"","meta":[],"acf":[],"_links":{"self":[{"href":"https:\/\/isfd3-nqn.infd.edu.ar\/sitio\/wp-json\/wp\/v2\/pages\/2262"}],"collection":[{"href":"https:\/\/isfd3-nqn.infd.edu.ar\/sitio\/wp-json\/wp\/v2\/pages"}],"about":[{"href":"https:\/\/isfd3-nqn.infd.edu.ar\/sitio\/wp-json\/wp\/v2\/types\/page"}],"author":[{"embeddable":true,"href":"https:\/\/isfd3-nqn.infd.edu.ar\/sitio\/wp-json\/wp\/v2\/users\/3255"}],"replies":[{"embeddable":true,"href":"https:\/\/isfd3-nqn.infd.edu.ar\/sitio\/wp-json\/wp\/v2\/comments?post=2262"}],"version-history":[{"count":7,"href":"https:\/\/isfd3-nqn.infd.edu.ar\/sitio\/wp-json\/wp\/v2\/pages\/2262\/revisions"}],"predecessor-version":[{"id":2683,"href":"https:\/\/isfd3-nqn.infd.edu.ar\/sitio\/wp-json\/wp\/v2\/pages\/2262\/revisions\/2683"}],"wp:attachment":[{"href":"https:\/\/isfd3-nqn.infd.edu.ar\/sitio\/wp-json\/wp\/v2\/media?parent=2262"}],"curies":[{"name":"wp","href":"https:\/\/api.w.org\/{rel}","templated":true}]}}